{"id":13,"date":"2023-03-07T17:13:32","date_gmt":"2023-03-07T16:13:32","guid":{"rendered":"http:\/\/gops.wolamyslowska.com.pl\/?page_id=13"},"modified":"2024-01-23T08:36:59","modified_gmt":"2024-01-23T07:36:59","slug":"rodo","status":"publish","type":"page","link":"https:\/\/gops.wolamyslowska.com.pl\/?page_id=13","title":{"rendered":"RODO"},"content":{"rendered":"\n<p><strong>KLAUZULA INFORMACYJNA DOTYCZ\u0104CA PRZETWARZANIA DANYCH OSOBOWYCH<\/strong><\/p>\n\n\n\n<p><strong>Niniejsza Polityka Prywatno\u015bci jest zgodna z przepisami wynikaj\u0105cymi z art. 13 ust. 1 i ust. 2 rozporz\u0105dzenia Parlamentu Europejskiego i Rady (UE) 2016\/679 z 27 kwietnia 2016 r. w skr\u00f3cie RODO.<br><\/strong><br><strong>I.<\/strong> Administratorem danych jest: <br><strong>O\u015aRODEK POMOCY SPO\u0141ECZNEJ W WOLI MYS\u0141OWSKIEJ<\/strong>, <br>adres: Wola Mys\u0142owska 57, 21-426 Wola Mys\u0142owska<\/p>\n\n\n\n<p><br><strong>II.<\/strong> Kontakt z Inspektorem Ochrony Danych jest mo\u017cliwy za pomoc\u0105 poczty elektronicznej pod adresem: <a href=\"mailto:gops@wolamyslowska.com.pl\"><strong>gops@wolamyslowska.com.pl<\/strong><\/a> lub pod wy\u017cej wymienionym adresem.<br><br><\/p>\n\n\n\n<p><strong>III.<\/strong> Pa\u0144stwa dane osobowe\u00a0przetwarzane b\u0119d\u0105 w nast\u0119puj\u0105cych celach:<\/p>\n\n\n\n<p>a) przetwarzanie jest niezb\u0119dne do wype\u0142nienia obowi\u0105zku prawnego ci\u0105\u017c\u0105cego na administratorze,<br>b) podanie przez Pa\u0144stwa danych jest&nbsp;wymogiem ustawowym, wynika z realizacji obowi\u0105zk\u00f3w wynikaj\u0105cych z przepis\u00f3w prawa,<br>c) przetwarzanie jest niezb\u0119dne do wykonania zadania realizowanego w interesie publicznym lub w ramach sprawowania w\u0142adzy publicznej powierzonej administratorowi,<br>d) odbiorcami Pa\u0144stwa danych osobowych b\u0119d\u0105 wy\u0142\u0105cznie podmioty uprawnione do uzyskania danych osobowych na podstawie przepis\u00f3w prawa.&nbsp;Nie b\u0119d\u0105 one udost\u0119pniane osobom nieuprawnionym,<br>e) w innych przypadkach Pani\/Pana dane osobowe przetwarzane b\u0119d\u0105 wy\u0142\u0105cznie na podstawie wcze\u015bniej udzielonej zgody w zakresie i celu okre\u015blonym w tre\u015bci zgody.<\/p>\n\n\n\n<p>                    <br><strong>IV. <\/strong>W\/w administrator danych osobowych, zgodnie z art. 6 Rozporz\u0105dzenia przetwarza dane osobowe, w przypadku, gdy spe\u0142niony jest co najmniej jeden z poni\u017cszych warunk\u00f3w:<br>1. Osoba, kt\u00f3rej dane dotycz\u0105 wyrazi\u0142a zgod\u0119 na przetwarzanie swoich danych osobowych w jednym lub wi\u0119kszej liczbie okre\u015blonych cel\u00f3w;<br>2. Przetwarzanie jest niezb\u0119dne do wykonania umowy, kt\u00f3rej stron\u0105 jest osoba, kt\u00f3rej dane dotycz\u0105, lub do podj\u0119cia dzia\u0142a\u0144 na \u017c\u0105danie osoby, kt\u00f3rej dane dotycz\u0105, przed zawarciem umowy;<br>3. Przetwarzanie jest niezb\u0119dne do wype\u0142nienia obowi\u0105zku prawnego ci\u0105\u017c\u0105cego na administratorze;<br>4. Przetwarzanie jest niezb\u0119dne do ochrony \u017cywotnych interes\u00f3w osoby, kt\u00f3rej dane dotycz\u0105, lub innej osoby fizycznej;<br>5. Przetwarzanie jest niezb\u0119dne do wykonania zadania realizowanego w interesie publicznym lub w ramach sprawowania w\u0142adzy publicznej powierzonej administratorowi;<br>6. Przetwarzanie jest niezb\u0119dne do cel\u00f3w wynikaj\u0105cych z prawnie uzasadnionych interes\u00f3w realizowanych przez administratora lub przez stron\u0119 trzeci\u0105, z wyj\u0105tkiem sytuacji, w kt\u00f3rych nadrz\u0119dny charakter wobec tych interes\u00f3w maj\u0105 interesy lub podstawowe prawa i wolno\u015bci osoby, kt\u00f3rej dane dotycz\u0105, wymagaj\u0105ce ochrony danych osobowych, w szczeg\u00f3lno\u015bci gdy osoba, kt\u00f3rej dane dotycz\u0105, jest dzieckiem.<\/p>\n\n\n\n<p><br><strong>V.<\/strong> Dane osobowe przetwarzane b\u0119d\u0105 w celu realizacji zapis\u00f3w ustaw:<\/p>\n\n\n\n<ul class=\"wp-block-list\">\n<li>ustawy z dnia 12 marca 2004 r. o pomocy spo\u0142ecznej,<\/li>\n\n\n\n<li>ustawy z dnia 28 listopada 2003 r. o \u015bwiadczeniach rodzinnych,<\/li>\n\n\n\n<li>ustawy z dnia 7 wrze\u015bnia 2007 r. o pomocy osobom uprawnionym do aliment\u00f3w,<\/li>\n\n\n\n<li>ustawy z dnia 11 lutego 2016 r. o pomocy pa\u0144stwa w wychowywaniu dzieci,<\/li>\n\n\n\n<li>ustawy z dnia 4 kwietnia 2014 r. o ustaleniu i wyp\u0142acie zasi\u0142k\u00f3w dla opiekun\u00f3w,<\/li>\n\n\n\n<li>ustawy z dnia 4 listopada 2016 r. o wsparciu kobiet w ci\u0105\u017cy i rodzin ,,Za \u017cyciem\u2019\u2019,<\/li>\n\n\n\n<li>ustawy z dnia 21 czerwca 2001 r. o dodatkach mieszkaniowych,<\/li>\n\n\n\n<li>ustalenie uprawnie\u0144 i wyp\u0142aty dodatku energetycznego na podstawie ustawy z dnia 10 kwietnia 1997 r. prawo energetyczne,<\/li>\n\n\n\n<li>obj\u0119cie ubezpieczeniem spo\u0142ecznym oraz zdrowotnym na podstawie ustawy z dnia 13 pa\u017adziernika 1998 r. o systemie ubezpiecze\u0144 spo\u0142ecznych oraz ustawy z dnia 27 sierpnia 2004 r. o \u015bwiadczeniach opieki zdrowotnej, finansowanych ze \u015brodk\u00f3w publicznych,<\/li>\n\n\n\n<li>prowadzenie post\u0119powania wobec d\u0142u\u017cnik\u00f3w alimentacyjnych na podstawie ustawy z dnia 7 wrze\u015bnia 2007 r. o pomocy osobom uprawnionym do aliment\u00f3w,<\/li>\n\n\n\n<li>prowadzenie post\u0119powania wobec os\u00f3b uzale\u017cnionych od alkoholu na podstawie ustawy z dnia 26 pa\u017adziernika 1982 r. o wychowywaniu w trze\u017awo\u015bci i przeciwdzia\u0142aniu alkoholizmowi (art. 21 ust. 2),<\/li>\n\n\n\n<li>przeciwdzia\u0142anie przemocy domowej na podstawie ustawy z dnia 29 lipca 2005 r. o przeciwdzia\u0142aniu przemocy domowej,<\/li>\n\n\n\n<li>wspieranie rodziny na podstawie ustawy z dnia 9 czerwca 2011 r. o wspieraniu rodziny i systemie pieczy zast\u0119pczej,<\/li>\n\n\n\n<li>wydanie Karty Du\u017cej Rodziny na podstawie ustawy z dnia 5 grudnia 2014 r. o Karcie Du\u017cej Rodziny,<\/li>\n\n\n\n<li>ustawy z dnia 26 czerwca 1974 r. Kodeks Pracy,<\/li>\n\n\n\n<li>ustawy z dnia 17 grudnia 2021 r. o dodatku os\u0142onowym,<\/li>\n\n\n\n<li>ustawy z dnia 27 kwietnia 2001 r. Prawo ochrony \u015brodowiska &#8211; CZYSTE POWIETRZE,<\/li>\n\n\n\n<li>ustawy z dnia 12 marca 2022 r. o pomocy obywatelom Ukrainy w zwi\u0105zku z konfliktem zbrojnym na terytorium tego pa\u0144stwa,<\/li>\n\n\n\n<li>ustawy z dnia 5 sierpnia 2022 r. o dodatku w\u0119glowym,<\/li>\n\n\n\n<li>ustawy z dnia 15 wrze\u015bnia 2022 r. o szczeg\u00f3lnych rozwi\u0105zaniach w zakresie niekt\u00f3rych \u017ar\u00f3de\u0142 ciep\u0142a w zwi\u0105zku z sytuacj\u0105 na rynku paliw,<\/li>\n\n\n\n<li>ustawy z dnia 7 pa\u017adziernika 2022 r. o szczeg\u00f3lnych rozwi\u0105zaniach s\u0142u\u017c\u0105cych ochronie odbiorc\u00f3w energii elektrycznej w 2023 roku w zwi\u0105zku z sytuacj\u0105 na rynku energii elektrycznej,<\/li>\n\n\n\n<li>ustawy z dnia 7 wrze\u015bnia 1991 r. o systemie o\u015bwiaty,<\/li>\n\n\n\n<li>ustawy z 15 grudnia 2022 r. o szczeg\u00f3lnej ochronie niekt\u00f3rych odbiorc\u00f3w paliw gazowych w 2023 r. w zwi\u0105zku z sytuacj\u0105 na rynku gazu,<\/li>\n\n\n\n<li>innych ustaw i rozporz\u0105dze\u0144 okre\u015blaj\u0105cych zadania w zakresie pomocy spo\u0142ecznej.<\/li>\n<\/ul>\n\n\n\n<p><br><\/p>\n\n\n\n<p><strong>VI.<\/strong> Dane osobowe b\u0119d\u0105 przetwarzane przez okres niezb\u0119dny do realizacji wskazanych w pkt V cel\u00f3w przetwarzania, tj. w zakresie wype\u0142niania obowi\u0105zk\u00f3w prawnych ci\u0105\u017c\u0105cych na O\u015brodku Pomocy Spo\u0142ecznej w Kobylnicy &#8211; przez okres do czasu ich wype\u0142nienia.<\/p>\n\n\n\n<p><br><strong>VII.<\/strong> W zwi\u0105zku z przetwarzaniem udost\u0119pnionych przez Pana\/Pani\u0105 danych osobowych przys\u0142uguje Pani\/Panu:<br>1. Prawo dost\u0119pu do swoich danych , na podstawie art. 15 Rozporz\u0105dzenia RODO;<br>2. Prawo do sprostowania swoich danych , na podstawie art. 16 Rozporz\u0105dzenia RODO;<br>3. Prawo do usuni\u0119cia swoich danych , na podstawie art. 17 Rozporz\u0105dzenia RODO;<br>4. Prawo do ograniczenia przetwarzania swoich danych , na podstawie art. 18 Rozporz\u0105dzenia RODO;<br>5. Prawo do wniesienia sprzeciwu wobec przetwarzania swoich danych na podstawie art. 21 Rozporz\u0105dzenia RODO;<br>6. Prawo do przenoszenia swoich danych , na podstawie art. 20 Rozporz\u0105dzenia RODO.<\/p>\n\n\n\n<p><br><strong>VIII.<\/strong> Dane osobowe mog\u0105 by\u0107 przekazywane:<br>a) upowa\u017cnionym z mocy prawa podmiotom na udokumentowany wniosek;<br>b) dostawcom system\u00f3w IT, z kt\u00f3rymi wsp\u00f3\u0142pracuje Administrator, w celu utrzymania ci\u0105g\u0142o\u015bci oraz poprawno\u015bci dzia\u0142ania system\u00f3w;<br>c) podmiotom prowadz\u0105cym dzia\u0142alno\u015b\u0107 pocztow\u0105 lub kuriersk\u0105, w celu dostarczenia korespondencji.<\/p>\n\n\n\n<p><br><strong>IX<\/strong>. W przypadkach, w kt\u00f3rych przetwarzanie Pani\/Pana danych osobowych odbywa si\u0119 na podstawie art. 6 ust.1 lit a Rozporz\u0105dzenia RODO, tj. zgody na przetwarzanie danych osobowych przys\u0142uguje Pani\/ Panu prawo do cofni\u0119cia tej zgody w dowolnym momencie.<\/p>\n\n\n\n<p><br><strong>X.<\/strong> W przypadku uznania, \u017ce przetwarzanie przez w\/w administratora Pani\/Pana danych osobowych narusza przepisy Rozporz\u0105dzenia RODO, przys\u0142uguje Pani\/Panu prawo do wniesienia skargi do organu nadzorczego, tj. Urz\u0119du Ochrony Danych Osobowych.<\/p>\n\n\n\n<p><\/p>\n\n\n\n<p><\/p>\n","protected":false},"excerpt":{"rendered":"<p>KLAUZULA INFORMACYJNA DOTYCZ\u0104CA PRZETWARZANIA DANYCH OSOBOWYCH Niniejsza Polityka Prywatno\u015bci jest zgodna z przepisami wynikaj\u0105cymi z art. 13 ust. 1 i ust. 2 rozporz\u0105dzenia Parlamentu Europejskiego i Rady (UE) 2016\/679 z 27 kwietnia 2016 r. w skr\u00f3cie RODO.I. Administratorem danych jest: O\u015aRODEK POMOCY SPO\u0141ECZNEJ W WOLI MYS\u0141OWSKIEJ, adres: Wola Mys\u0142owska 57, 21-426 Wola Mys\u0142owska II. Kontakt [&hellip;]<\/p>\n","protected":false},"author":1,"featured_media":0,"parent":0,"menu_order":0,"comment_status":"closed","ping_status":"closed","template":"","meta":{"footnotes":""},"class_list":["post-13","page","type-page","status-publish","hentry","entry"],"_links":{"self":[{"href":"https:\/\/gops.wolamyslowska.com.pl\/index.php?rest_route=\/wp\/v2\/pages\/13","targetHints":{"allow":["GET"]}}],"collection":[{"href":"https:\/\/gops.wolamyslowska.com.pl\/index.php?rest_route=\/wp\/v2\/pages"}],"about":[{"href":"https:\/\/gops.wolamyslowska.com.pl\/index.php?rest_route=\/wp\/v2\/types\/page"}],"author":[{"embeddable":true,"href":"https:\/\/gops.wolamyslowska.com.pl\/index.php?rest_route=\/wp\/v2\/users\/1"}],"replies":[{"embeddable":true,"href":"https:\/\/gops.wolamyslowska.com.pl\/index.php?rest_route=%2Fwp%2Fv2%2Fcomments&post=13"}],"version-history":[{"count":17,"href":"https:\/\/gops.wolamyslowska.com.pl\/index.php?rest_route=\/wp\/v2\/pages\/13\/revisions"}],"predecessor-version":[{"id":128,"href":"https:\/\/gops.wolamyslowska.com.pl\/index.php?rest_route=\/wp\/v2\/pages\/13\/revisions\/128"}],"wp:attachment":[{"href":"https:\/\/gops.wolamyslowska.com.pl\/index.php?rest_route=%2Fwp%2Fv2%2Fmedia&parent=13"}],"curies":[{"name":"wp","href":"https:\/\/api.w.org\/{rel}","templated":true}]}}