{"id":147,"date":"2024-01-23T09:27:14","date_gmt":"2024-01-23T08:27:14","guid":{"rendered":"https:\/\/gops.wolamyslowska.com.pl\/?page_id=147"},"modified":"2024-02-27T09:59:38","modified_gmt":"2024-02-27T08:59:38","slug":"fundusz-alimentacyjny","status":"publish","type":"page","link":"https:\/\/gops.wolamyslowska.com.pl\/?page_id=147","title":{"rendered":"Fundusz Alimentacyjny"},"content":{"rendered":"\n<p>\u015awiadczenia z funduszu alimentacyjnego przyznawane s\u0105 na warunkach okre\u015blonych w ustawie z dnia 7 wrze\u015bnia 2007 r. o pomocy osobom uprawnionym do aliment\u00f3w.<br>Na podstawie przepis\u00f3w tej ustawy realizowane jest wsparcie materialne dla os\u00f3b uprawnionych do aliment\u00f3w, kt\u00f3re ich nie otrzymuj\u0105 z uwagi na bezskuteczno\u015b\u0107 egzekucji.<br>Wsparcie to realizowane jest poprzez przyznawanie \u015bwiadcze\u0144 z funduszu alimentacyjnego dla os\u00f3b spe\u0142niaj\u0105cych kryteria ustawowe (np. kryterium dochodowe).<\/p>\n\n\n\n<h3 class=\"wp-block-heading\"><br>Komu przys\u0142uguje \u015bwiadczenie?<\/h3>\n\n\n\n<p>\u015awiadczenia z funduszu alimentacyjnego przys\u0142uguj\u0105:<\/p>\n\n\n\n<ul class=\"wp-block-list\">\n<li>obywatelom polskim;<\/li>\n\n\n\n<li>cudzoziemcom:\n<ul class=\"wp-block-list\">\n<li>je\u017celi wynika to z wi\u0105\u017c\u0105cych Rzeczpospolit\u0105 Polsk\u0105 um\u00f3w dwustronnych o zabezpieczeniu spo\u0142ecznym;<\/li>\n\n\n\n<li>przebywaj\u0105cym na terytorium Rzeczypospolitej Polskiej na podstawie zezwolenia na pobyt sta\u0142y, zezwolenia na pobyt rezydenta d\u0142ugoterminowego Unii Europejskiej oraz zezwolenia na pobyt czasowy udzielonego w zwi\u0105zku z okoliczno\u015bci\u0105, o kt\u00f3rej mowa w art. 186 ust. 1 pkt 3 ustawy z dnia 12 grudnia 2013 r. o cudzoziemcach;<\/li>\n\n\n\n<li>przebywaj\u0105cym na terytorium Rzeczypospolitej Polskiej w zwi\u0105zku z uzyskaniem statusu uchod\u017acy lub ochrony uzupe\u0142niaj\u0105cej;<\/li>\n\n\n\n<li>je\u017celi osoby te zamieszkuj\u0105 na terytorium Rzeczypospolitej Polskiej przez okres \u015bwiadczeniowy, w kt\u00f3rym otrzymuj\u0105 \u015bwiadczenia z funduszu alimentacyjnego, chyba \u017ce &nbsp;dwustronne umowy mi\u0119dzynarodowe o zabezpieczeniu spo\u0142ecznym stanowi\u0105 inaczej.<\/li>\n<\/ul>\n<\/li>\n<\/ul>\n\n\n\n<p>\u015awiadczenia z funduszu alimentacyjnego przys\u0142uguj\u0105 osobie uprawnionej do uko\u0144czenia przez ni\u0105 18 roku \u017cycia albo w przypadku gdy uczy si\u0119 w szkole lub szkole wy\u017cszej do uko\u0144czenia przez ni\u0105 25 roku \u017cycia, albo w przypadku posiadania orzeczenia o znacznym stopniu niepe\u0142nosprawno\u015bci &#8211; bezterminowo.<\/p>\n\n\n\n<p>\u015awiadczenia z funduszu alimentacyjnego nie przys\u0142uguj\u0105, je\u017celi osoba uprawniona:<\/p>\n\n\n\n<ul class=\"wp-block-list\">\n<li>zosta\u0142a umieszczona w instytucji zapewniaj\u0105cej ca\u0142odobowe utrzymanie lub w pieczy zast\u0119pczej;<\/li>\n\n\n\n<li>zawar\u0142a zwi\u0105zek ma\u0142\u017ce\u0144ski.<\/li>\n<\/ul>\n\n\n\n<p>Do \u015bwiadczenia z funduszu alimentacyjnego ma prawo osoba uprawniona do aliment\u00f3w od rodzica na podstawie tytu\u0142u wykonawczego pochodz\u0105cego lub zatwierdzonego przez s\u0105d, je\u017celi egzekucja okaza\u0142a si\u0119 bezskuteczna.<\/p>\n\n\n\n<h3 class=\"wp-block-heading\"><br>Wysoko\u015b\u0107 \u015bwiadczenia<\/h3>\n\n\n\n<p>\u015awiadczenia z funduszu alimentacyjnego przys\u0142uguj\u0105 w wysoko\u015bci bie\u017c\u0105co ustalonych aliment\u00f3w, jednak\u017ce nie wy\u017cszej ni\u017c 500 z\u0142 miesi\u0119cznie.<\/p>\n\n\n\n<p>Zmiany w wysoko\u015bci \u015bwiadcze\u0144 z funduszu alimentacyjnego na skutek zmiany wysoko\u015bci zas\u0105dzonych aliment\u00f3w dokonuje si\u0119 po wp\u0142ywie tytu\u0142u wykonawczego do komornika s\u0105dowego prowadz\u0105cego post\u0119powanie egzekucyjne, od miesi\u0105ca, w kt\u00f3rym nast\u0105pi\u0142a zmiana wysoko\u015bci zas\u0105dzonych aliment\u00f3w.<br><br><\/p>\n\n\n\n<h3 class=\"wp-block-heading\">Warunki przyznania \u015bwiadczenia<\/h3>\n\n\n\n<p>Przyznanie prawa do \u015bwiadczenia z funduszu alimentacyjnego uzale\u017cnione jest od spe\u0142nienia kryterium dochodowego. <\/p>\n\n\n\n<p>\u015awiadczenia z funduszu alimentacyjnego przys\u0142uguj\u0105, je\u017celi doch\u00f3d rodziny w przeliczeniu na osob\u0119 w rodzinie nie przekracza kwoty <strong>1209&nbsp;z\u0142 miesi\u0119cznie<\/strong>.<\/p>\n\n\n\n<p>Ww. kwota kryterium dochodowego uprawniaj\u0105cego do \u015bwiadcze\u0144 z funduszu alimentacyjnego obowi\u0105zuje pocz\u0105wszy od okresu \u015bwiadczeniowego rozpoczynaj\u0105cego si\u0119 1 pa\u017adziernika 2023 r.<\/p>\n\n\n\n<p>Dodatkowo, przy ustalaniu prawa do \u015bwiadcze\u0144 z funduszu alimentacyjnego obowi\u0105zuje&nbsp; tzw. mechanizm &#8222;z\u0142ot\u00f3wka za z\u0142ot\u00f3wk\u0119&#8221;. Mechanizm ten zak\u0142ada, \u017ce&nbsp;przekroczenie przez osob\u0119 uprawnion\u0105 progu dochodowego uprawniaj\u0105cego do \u015bwiadcze\u0144 z funduszu alimentacyjnego, nie b\u0119dzie skutkowa\u0107 automatycznie utrat\u0105 prawa do tych \u015bwiadcze\u0144, ale osoba taka co do zasady b\u0119dzie mog\u0142a otrzyma\u0107 \u015bwiadczenie, pomniejszone o kwot\u0119 przekroczenia kryterium dochodowego.<\/p>\n\n\n\n<p>Przy ustalaniu prawa do \u015bwiadcze\u0144 z funduszu alimentacyjnego brane s\u0105 pod uwag\u0119 dochody cz\u0142onk\u00f3w rodziny osi\u0105gni\u0119te w roku kalendarzowym poprzedzaj\u0105cym okres \u015bwiadczeniowy oraz zmiany w sytuacji dochodowej stanowi\u0105ce utrat\u0119 lub uzyskanie dochodu w rozumieniu ustawy o pomocy osobom uprawnionym do aliment\u00f3w.<\/p>\n\n\n\n<p><\/p>\n\n\n\n<p><br><strong>Dochody brane pod uwag\u0119 przy ustalaniu prawa do \u015bwiadcze\u0144 z funduszu alimentacyjnego oznaczaj\u0105 dochody, o kt\u00f3rych mowa w przepisach o \u015bwiadczeniach rodzinnych i s\u0105 to :<\/strong><\/p>\n\n\n\n<ul class=\"wp-block-list\">\n<li>przychody podlegaj\u0105ce opodatkowaniu na zasadach okre\u015blonych w art. 27, 30b, 30c, 30e i art. 30f &nbsp;ustawy z dnia 26 lipca 1991 r. o podatku dochodowym od os\u00f3b fizycznych, pomniejszone o koszty uzyskania przychodu, nale\u017cny podatek dochodowy od os\u00f3b fizycznych, sk\u0142adki na ubezpieczenia spo\u0142eczne niezaliczone do koszt\u00f3w uzyskania przychodu oraz sk\u0142adki na ubezpieczenie zdrowotne,<\/li>\n\n\n\n<li>doch\u00f3d z dzia\u0142alno\u015bci podlegaj\u0105cej opodatkowaniu na podstawie przepis\u00f3w o zrycza\u0142towanym podatku dochodowym od niekt\u00f3rych przychod\u00f3w osi\u0105ganych przez osoby fizyczne,<\/li>\n\n\n\n<li>inne dochody niepodlegaj\u0105ce opodatkowaniu na podstawie przepis\u00f3w o podatku dochodowym od os\u00f3b fizycznych (np: alimenty na rzecz dzieci, stypendia socjalne, nale\u017cno\u015bci otrzymywane z tytu\u0142u wynajmu pokoi go\u015bcinnych).<\/li>\n<\/ul>\n\n\n\n<p>Od dochod\u00f3w odlicza si\u0119 kwot\u0119 aliment\u00f3w \u015bwiadczonych na rzecz innych os\u00f3b.<br><\/p>\n\n\n\n<h3 class=\"wp-block-heading\"><br>Bezskuteczno\u015b\u0107 egzekucji<\/h3>\n\n\n\n<p>Bezskuteczno\u015b\u0107 egzekucji w rozumieniu ustawy o pomocy osobom uprawnionym do aliment\u00f3w oznacza egzekucj\u0119, w wyniku kt\u00f3rej w okresie ostatnich dw\u00f3ch miesi\u0119cy nie wyegzekwowano pe\u0142nej nale\u017cno\u015bci z tytu\u0142u zaleg\u0142ych i bie\u017c\u0105cych zobowi\u0105za\u0144 alimentacyjnych, albo post\u0119powanie upad\u0142o\u015bciowe, w toku kr\u00f3rego w okresie ostatnich dw\u00f3ch miesi\u0119cy nie otrzymano pe\u0142nej nale\u017cno\u015bci z tytu\u0142u zaleg\u0142ych i bie\u017c\u0105cych zobowi\u0105za\u0144 alimentacyjnych.<\/p>\n\n\n\n<p>Za bezskuteczn\u0105 egzekucj\u0119 uwa\u017ca si\u0119 r\u00f3wnie\u017c niemo\u017cno\u015b\u0107 wszcz\u0119cia lub prowadzenia egzekucji aliment\u00f3w przeciwko d\u0142u\u017cnikowi alimentacyjnemu przebywaj\u0105cemu poza granicami Rzeczypospolitej Polskiej, w szczeg\u00f3lno\u015bci z powodu:<\/p>\n\n\n\n<ul class=\"wp-block-list\">\n<li>braku podstawy prawnej do poj\u0119cia czynno\u015bci zmierzaj\u0105cych do wykonania tytu\u0142u wykonawczego w miejscu zamieszkania d\u0142u\u017cnika,<\/li>\n\n\n\n<li>braku mo\u017cliwo\u015bci wskazania przez osob\u0119 uprawnion\u0105 miejsca zamieszkania d\u0142u\u017cnika alimentacyjnego za granic\u0105.<\/li>\n<\/ul>\n\n\n\n<h3 class=\"wp-block-heading\"><br>Obowi\u0105zki &nbsp;\u015bwiadczeniobiorc\u00f3w<\/h3>\n\n\n\n<p>W przypadku przyznania przez tutejszy organ prawa do \u015bwiadcze\u0144 z funduszu alimentacyjnego, \u015bwiadczeniobiorca zobowi\u0105zany jest powiadomi\u0107 Dzia\u0142 \u015awiadcze\u0144 Rodzinnych &nbsp;o wyst\u0105pieniu nast\u0119puj\u0105cych fakt\u00f3w:<\/p>\n\n\n\n<ul class=\"wp-block-list\">\n<li>zmianie w liczbie cz\u0142onk\u00f3w rodziny,<\/li>\n\n\n\n<li>uzyskaniu dochodu, czyli:\n<ul class=\"wp-block-list\">\n<li>zako\u0144czeniu urlopu wychowawczego,<\/li>\n\n\n\n<li>uzyskaniu prawa do zasi\u0142ku lub stypendium dla bezrobotnych,<\/li>\n\n\n\n<li>uzyskaniu zatrudnienia lub innej pracy zarobkowej,<\/li>\n\n\n\n<li>uzyskaniu zasi\u0142ku przedemerytalnego lub \u015bwiadczenia przedemerytalnego, a tak\u017ce emerytury lub renty, renty rodzinnej lub renty socjalnej, z wyj\u0105tkiem rent przyznawanych rolnikom w zwi\u0105zku z przekazywaniem lub dzier\u017caw\u0105 gospodarstwa rolnego,<\/li>\n\n\n\n<li>rozpocz\u0119ciu pozarolniczej dzia\u0142alno\u015bci gospodarczej,<\/li>\n\n\n\n<li>uzyskaniem zasi\u0142ku chorobowego, \u015bwiadczenia rehabilitacyjnego lub zasi\u0142ku macierzy\u0144skiego, przys\u0142uguj\u0105cych po utracie zatrudnienia lub innej pracy zarobkowej.<\/li>\n\n\n\n<li>innych zmian maj\u0105cych wp\u0142yw na prawo do \u015bwiadcze\u0144 z funduszu alimentacyjnego w tym m.in. o otrzymaniu aliment\u00f3w, osoba (wnioskodawca) jest obowi\u0105zana do niezw\u0142ocznego powiadomienia o tym organu wyp\u0142acaj\u0105cego \u015bwiadczenia z funduszu alimentacyjnego.<\/li>\n<\/ul>\n<\/li>\n<\/ul>\n\n\n\n<p>Zaniechanie przez \u015bwiadczeniobiorc\u0119 obowi\u0105zku informowania organu wyp\u0142acaj\u0105cego \u015bwiadczenia z funduszu alimentacyjnego o zmianach maj\u0105cych wp\u0142yw na prawo do \u015bwiadcze\u0144 z funduszu alimentacyjnego mo\u017ce narazi\u0107 osob\u0119 pobieraj\u0105c\u0105 \u015bwiadczenia z funduszu alimentacyjnego na orzeczenie \u015bwiadcze\u0144 jako nienale\u017cnie pobrane, a tym samym na konieczno\u015b\u0107 zwrotu pobranych \u015bwiadcze\u0144 wraz z odsetkami ustawowymi.<\/p>\n\n\n\n<p><\/p>\n\n\n\n<hr class=\"wp-block-separator has-alpha-channel-opacity\"\/>\n\n\n\n<p><strong>Wi\u0119cej informacji znajdziesz na:<br><a href=\"https:\/\/www.gov.pl\/web\/rodzina\/kryteria-dochodowe\">https:\/\/www.gov.pl\/web\/rodzina\/kryteria-dochodowe<\/a><\/strong><\/p>\n\n\n\n<p><br><strong>Podstawa prawna:<\/strong><\/p>\n\n\n\n<ul class=\"wp-block-list\">\n<li>Obwieszczenie Ministra Rodziny i Polityki Spo\u0142ecznej z dnia 19 stycznia 2023 r. w sprawie wysoko\u015bci kwoty kryterium dochodowego uprawniaj\u0105cego do \u015bwiadcze\u0144 z funduszu alimentacyjnego od dnia 1 pa\u017adziernika 2023 r. (M. P. z 2023 r., poz. 121);<\/li>\n\n\n\n<li>Ustawa z dnia 7 wrze\u015bnia 2007 r. o pomocy osobom uprawnionym do aliment\u00f3w (j. t. Dz. U. z 2022 r., poz. 1205);<\/li>\n\n\n\n<li>Ustawa z dnia 24 czerwca 2021&nbsp;r. o zmianie niekt\u00f3rych ustaw zwi\u0105zanych ze \u015bwiadczeniami na rzecz rodziny (Dz. U. z 2021 r., poz. 1162).<\/li>\n<\/ul>\n","protected":false},"excerpt":{"rendered":"<p>\u015awiadczenia z funduszu alimentacyjnego przyznawane s\u0105 na warunkach okre\u015blonych w ustawie z dnia 7 wrze\u015bnia 2007 r. o pomocy osobom uprawnionym do aliment\u00f3w.Na podstawie przepis\u00f3w tej ustawy realizowane jest wsparcie materialne dla os\u00f3b uprawnionych do aliment\u00f3w, kt\u00f3re ich nie otrzymuj\u0105 z uwagi na bezskuteczno\u015b\u0107 egzekucji.Wsparcie to realizowane jest poprzez przyznawanie \u015bwiadcze\u0144 z funduszu alimentacyjnego dla [&hellip;]<\/p>\n","protected":false},"author":3,"featured_media":0,"parent":11,"menu_order":0,"comment_status":"closed","ping_status":"closed","template":"","meta":{"footnotes":""},"class_list":["post-147","page","type-page","status-publish","hentry","entry"],"_links":{"self":[{"href":"https:\/\/gops.wolamyslowska.com.pl\/index.php?rest_route=\/wp\/v2\/pages\/147","targetHints":{"allow":["GET"]}}],"collection":[{"href":"https:\/\/gops.wolamyslowska.com.pl\/index.php?rest_route=\/wp\/v2\/pages"}],"about":[{"href":"https:\/\/gops.wolamyslowska.com.pl\/index.php?rest_route=\/wp\/v2\/types\/page"}],"author":[{"embeddable":true,"href":"https:\/\/gops.wolamyslowska.com.pl\/index.php?rest_route=\/wp\/v2\/users\/3"}],"replies":[{"embeddable":true,"href":"https:\/\/gops.wolamyslowska.com.pl\/index.php?rest_route=%2Fwp%2Fv2%2Fcomments&post=147"}],"version-history":[{"count":3,"href":"https:\/\/gops.wolamyslowska.com.pl\/index.php?rest_route=\/wp\/v2\/pages\/147\/revisions"}],"predecessor-version":[{"id":154,"href":"https:\/\/gops.wolamyslowska.com.pl\/index.php?rest_route=\/wp\/v2\/pages\/147\/revisions\/154"}],"up":[{"embeddable":true,"href":"https:\/\/gops.wolamyslowska.com.pl\/index.php?rest_route=\/wp\/v2\/pages\/11"}],"wp:attachment":[{"href":"https:\/\/gops.wolamyslowska.com.pl\/index.php?rest_route=%2Fwp%2Fv2%2Fmedia&parent=147"}],"curies":[{"name":"wp","href":"https:\/\/api.w.org\/{rel}","templated":true}]}}