{"id":266,"date":"2024-02-27T10:39:07","date_gmt":"2024-02-27T09:39:07","guid":{"rendered":"https:\/\/gops.wolamyslowska.com.pl\/?page_id=266"},"modified":"2024-02-27T10:43:54","modified_gmt":"2024-02-27T09:43:54","slug":"zasilek-rodzinny-2023-2024","status":"publish","type":"page","link":"https:\/\/gops.wolamyslowska.com.pl\/?page_id=266","title":{"rendered":"Zasi\u0142ek rodzinny 2023\/2024"},"content":{"rendered":"\n<p><\/p>\n\n\n\n<p>Zasi\u0142ek rodzinny to pomoc finansowa dla rodzin z dzie\u0107mi i ma na celu cz\u0119\u015bciowe pokrycie wydatk\u00f3w na utrzymanie dziecka.<\/p>\n\n\n\n<p><strong>1 listopada 2023 roku zacz\u0105\u0142 si\u0119 nowy okres zasi\u0142kowy. Rodziny chc\u0105ce skorzysta\u0107 z zasi\u0142k\u00f3w rodzinnych, mog\u0105 ju\u017c od 1 lipca sk\u0142ada\u0107 stosowne wnioski. Ile wynosz\u0105 zasi\u0142ki rodzinne, w jaki spos\u00f3b sk\u0142ada\u0107 wnioski?<\/strong><\/p>\n\n\n\n<p>Rodziny zainteresowane uzyskaniem zasi\u0142k\u00f3w rodzinnych na nowy okres zasi\u0142kowy, kt\u00f3ry rozpocznie si\u0119 1 listopada, zobowi\u0105zani s\u0105 do z\u0142o\u017cenia wniosku o ustalenie prawa do zasi\u0142ku rodzinnego oraz dodatk\u00f3w do zasi\u0142k\u00f3w.<\/p>\n\n\n\n<p>Termin z\u0142o\u017cenia wniosku o zasi\u0142ek rodzinny jest \u015bci\u015ble powi\u0105zany z terminem jego wyp\u0142aty. Osoby, kt\u00f3re z\u0142o\u017c\u0105 wniosek o wyp\u0142at\u0119 zasi\u0142ku w nowym okresie zasi\u0142kowym do dnia 31 sierpnia 2023 roku, <strong>na wyp\u0142at\u0119 zasi\u0142ku za listopad poczekaj\u0105 do ko\u0144ca listopada<\/strong>. Je\u017celi wniosek zostanie z\u0142o\u017cony od 1 wrze\u015bnia do 31 pa\u017adziernika, <strong>jego wyp\u0142ata nast\u0105pi do ko\u0144ca grudnia.<\/strong><\/p>\n\n\n\n<p><\/p>\n\n\n\n<div class=\"wp-block-media-text alignwide has-media-on-the-right is-stacked-on-mobile\" style=\"grid-template-columns:auto 35%\"><div class=\"wp-block-media-text__content\">\n<p><\/p>\n\n\n\n<p>W okresie <strong>od 1 listopada 2023 r. do 31 pa\u017adziernika 2024 r. kwota zasi\u0142ku rodzinnego<\/strong> wynosi\u0107 b\u0119dzie:<\/p>\n\n\n\n<ol class=\"wp-block-list\">\n<li><strong>Zasi\u0142ek na dziecko w wieku od urodzenia do uko\u0144czenia 5 lat<\/strong> \u2013 95 z\u0142 miesi\u0119cznie,<\/li>\n\n\n\n<li><strong>Zasi\u0142ek na dziecko w wieku powy\u017cej 5 lat do uko\u0144czenia 18 lat<\/strong> \u2013 124 z\u0142 miesi\u0119cznie,<\/li>\n\n\n\n<li><strong>Zasi\u0142ek na dziecko w wieku powy\u017cej 18 lat do uko\u0144czenia 24 lat<\/strong> \u2013 135 z\u0142 miesi\u0119cznie.<\/li>\n<\/ol>\n\n\n\n<p><\/p>\n\n\n\n<p>Aby uzyska\u0107 zasi\u0142ek rodzinny lub dodatek do zasi\u0142ku nale\u017cy spe\u0142ni\u0107 kryterium dochodowe. Aktualnie wynosi ono <strong>674 z\u0142 netto miesi\u0119cznie<\/strong> w przeliczeniu na osob\u0119 w rodzinie. W przypadku, gdy cz\u0142onkiem rodziny jest dziecko niepe\u0142nosprawne kryterium dochodowe jest wy\u017csze i wynosi <strong>764 z\u0142 netto miesi\u0119cznie<\/strong> w przeliczeniu na osob\u0119.<\/p>\n\n\n\n<p>W przypadku niewielkiego przekroczenia tej kwoty, \u015bwiadczenia mog\u0105 by\u0107 przyznane w zmniejszonej wysoko\u015bci w systemie tzw. \u201ez\u0142ot\u00f3wki za z\u0142ot\u00f3wk\u0119\u201d.<\/p>\n<\/div><figure class=\"wp-block-media-text__media\"><img loading=\"lazy\" decoding=\"async\" width=\"1024\" height=\"724\" src=\"https:\/\/gops.wolamyslowska.com.pl\/wp-content\/uploads\/2024\/02\/zasilekrodzinny-1024x724.jpg\" alt=\"\" class=\"wp-image-267 size-full\" srcset=\"https:\/\/gops.wolamyslowska.com.pl\/wp-content\/uploads\/2024\/02\/zasilekrodzinny-1024x724.jpg 1024w, https:\/\/gops.wolamyslowska.com.pl\/wp-content\/uploads\/2024\/02\/zasilekrodzinny-300x212.jpg 300w, https:\/\/gops.wolamyslowska.com.pl\/wp-content\/uploads\/2024\/02\/zasilekrodzinny-1019x720.jpg 1019w, https:\/\/gops.wolamyslowska.com.pl\/wp-content\/uploads\/2024\/02\/zasilekrodzinny.jpg 1528w\" sizes=\"auto, (max-width: 1024px) 100vw, 1024px\" \/><\/figure><\/div>\n\n\n\n<p><\/p>\n\n\n\n<p>Zasi\u0142ek przys\u0142uguje na dziecko do 18 roku \u017cycia, bez wzgl\u0119du na to czy si\u0119 uczy, na dziecko w wieku od 18 do 21 lat pod warunkiem kontynuowania nauki w szkole, za\u015b na dziecko w wieku 21-24 lata zasi\u0142ek przys\u0142uguje tylko w przypadku, gdy kontynuuje nauk\u0119 oraz jednocze\u015bnie posiada orzeczenie o umiarkowanym lub znacznym stopniu niepe\u0142nosprawno\u015bci. W przypadku nauki w szkole wy\u017cszej (bez wzgl\u0119du na wiek dziecka) zasi\u0142ek rodzinny nie przys\u0142uguje, chyba \u017ce do tej szko\u0142y ucz\u0119szcza dziecko posiadaj\u0105ce orzeczenie o znacznym lub umiarkowanym stopniu niepe\u0142nosprawno\u015bci.<\/p>\n\n\n\n<p>O zasi\u0142ek rodzinny mo\u017ce ubiega\u0107 si\u0119 tak\u017ce osoba w wieku 18-24 lata (sama na siebie), kt\u00f3ra si\u0119 uczy, je\u015bli jej rodzice nie \u017cyj\u0105 lub ma zas\u0105dzone alimenty z ich strony.<\/p>\n\n\n\n<p>Osoby samotnie wychowuj\u0105ce dziecko, kt\u00f3re nie maj\u0105 zas\u0105dzonych aliment\u00f3w lub innego dokumentu przyznaj\u0105cego alimenty potwierdzonego przez s\u0105d (np. ugody lub aktu notarialnego), nie mog\u0105 uzyska\u0107 \u015bwiadczenia. Wyj\u0105tkiem s\u0105 sytuacje, gdy m.in. rodzic dziecka nie \u017cyje, ojciec dziecka jest nieznany czy te\u017c s\u0105d oddali\u0142 pow\u00f3dztwo o przyznanie aliment\u00f3w.<\/p>\n\n\n\n<p>Nie mo\u017cna pobiera\u0107 zasi\u0142ku rodzinnego na dziecko, kt\u00f3re jest w zwi\u0105zku ma\u0142\u017ce\u0144skim lub ma w\u0142asne dziecko, a tak\u017ce je\u015bli przebywa ono w pieczy zast\u0119pczej lub instytucji, kt\u00f3ra zapewnia ca\u0142odobowe utrzymanie (np. zak\u0142ad poprawczy, m\u0142odzie\u017cowy o\u015brodek wychowawczy).<\/p>\n\n\n\n<p><\/p>\n\n\n\n<p><strong>Do zasi\u0142ku rodzinnego przys\u0142uguj\u0105 tak\u017ce dodatki:<\/strong><\/p>\n\n\n\n<ol class=\"wp-block-list\">\n<li>dodatek z tytu\u0142u urodzenia dziecka: 1000 z\u0142 jednorazowo,&nbsp;<\/li>\n\n\n\n<li>dodatek z tytu\u0142u opieki nad dzieckiem w okresie korzystania z urlopu wychowawczego: 400 z\u0142 miesi\u0119cznie,&nbsp;<\/li>\n\n\n\n<li>dodatek z tytu\u0142u samotnego wychowywania dziecka: 193 z\u0142 miesi\u0119cznie,<\/li>\n\n\n\n<li>dodatek z tytu\u0142u wychowywania dziecka w rodzinie wielodzietnej (na ka\u017cde trzecie oraz kolejne dziecko uprawnione do zasi\u0142ku): 95 z\u0142 miesi\u0119cznie,<\/li>\n\n\n\n<li>dodatek z tytu\u0142u kszta\u0142cenia i rehabilitacji dziecka niepe\u0142nosprawnego: 90 lub 110 z\u0142 (w zale\u017cno\u015bci od wieku dziecka),<\/li>\n\n\n\n<li>dodatek z tytu\u0142u rozpocz\u0119cia roku szkolnego: 100 z\u0142 jednorazowo, wyp\u0142acany we wrze\u015bniu,<\/li>\n\n\n\n<li>dodatek z tytu\u0142u podj\u0119cia przez dziecko nauki w szkole poza miejscem zamieszkania: dojazdy do szko\u0142y \u2013 69 z\u0142 miesi\u0119cznie lub zamieszkanie w miejscowo\u015bci gdzie znajduje si\u0119 szko\u0142a \u2013 113 z\u0142 miesi\u0119cznie.<\/li>\n<\/ol>\n\n\n\n<p><strong>Dodatki przys\u0142uguj\u0105 tylko wtedy, gdy na dziecko przys\u0142uguje zasi\u0142ek rodzinny.<\/strong><\/p>\n\n\n\n<hr class=\"wp-block-separator has-alpha-channel-opacity\"\/>\n\n\n\n<p class=\"has-color-footer-background-mod-color has-text-color\"><strong>UWAGA! \u015awiadczenie przyznawane jest na okres zasi\u0142kowy (od 1 listopada do 31 pa\u017adziernika kolejnego roku). Od momentu uzyskania prawa do \u015bwiadczenia, na osobie pobieraj\u0105cej ci\u0105\u017cy obowi\u0105zek zg\u0142aszania wszelkich zmian, kt\u00f3re maj\u0105 wp\u0142yw na prawo do jego pobierania (np. uzyskanie nowego dochodu, zmian\u0119 pracodawcy, zmiany w sk\u0142adzie rodziny czy wyjazd cz\u0142onka rodziny do pracy za granic\u0119)! Niezg\u0142oszenie zmiany mo\u017ce powodowa\u0107 konieczno\u015b\u0107 zwrotu nienale\u017cnie pobranych \u015bwiadcze\u0144.<\/strong><\/p>\n\n\n\n<hr class=\"wp-block-separator has-alpha-channel-opacity\"\/>\n\n\n\n<p>   <\/p>\n","protected":false},"excerpt":{"rendered":"<p>Zasi\u0142ek rodzinny to pomoc finansowa dla rodzin z dzie\u0107mi i ma na celu cz\u0119\u015bciowe pokrycie wydatk\u00f3w na utrzymanie dziecka. 1 listopada 2023 roku zacz\u0105\u0142 si\u0119 nowy okres zasi\u0142kowy. Rodziny chc\u0105ce skorzysta\u0107 z zasi\u0142k\u00f3w rodzinnych, mog\u0105 ju\u017c od 1 lipca sk\u0142ada\u0107 stosowne wnioski. Ile wynosz\u0105 zasi\u0142ki rodzinne, w jaki spos\u00f3b sk\u0142ada\u0107 wnioski? Rodziny zainteresowane uzyskaniem zasi\u0142k\u00f3w [&hellip;]<\/p>\n","protected":false},"author":3,"featured_media":0,"parent":11,"menu_order":0,"comment_status":"closed","ping_status":"closed","template":"","meta":{"footnotes":""},"class_list":["post-266","page","type-page","status-publish","hentry","entry"],"_links":{"self":[{"href":"https:\/\/gops.wolamyslowska.com.pl\/index.php?rest_route=\/wp\/v2\/pages\/266","targetHints":{"allow":["GET"]}}],"collection":[{"href":"https:\/\/gops.wolamyslowska.com.pl\/index.php?rest_route=\/wp\/v2\/pages"}],"about":[{"href":"https:\/\/gops.wolamyslowska.com.pl\/index.php?rest_route=\/wp\/v2\/types\/page"}],"author":[{"embeddable":true,"href":"https:\/\/gops.wolamyslowska.com.pl\/index.php?rest_route=\/wp\/v2\/users\/3"}],"replies":[{"embeddable":true,"href":"https:\/\/gops.wolamyslowska.com.pl\/index.php?rest_route=%2Fwp%2Fv2%2Fcomments&post=266"}],"version-history":[{"count":5,"href":"https:\/\/gops.wolamyslowska.com.pl\/index.php?rest_route=\/wp\/v2\/pages\/266\/revisions"}],"predecessor-version":[{"id":281,"href":"https:\/\/gops.wolamyslowska.com.pl\/index.php?rest_route=\/wp\/v2\/pages\/266\/revisions\/281"}],"up":[{"embeddable":true,"href":"https:\/\/gops.wolamyslowska.com.pl\/index.php?rest_route=\/wp\/v2\/pages\/11"}],"wp:attachment":[{"href":"https:\/\/gops.wolamyslowska.com.pl\/index.php?rest_route=%2Fwp%2Fv2%2Fmedia&parent=266"}],"curies":[{"name":"wp","href":"https:\/\/api.w.org\/{rel}","templated":true}]}}