{"id":63,"date":"2023-03-14T20:12:40","date_gmt":"2023-03-14T19:12:40","guid":{"rendered":"http:\/\/gops.wolamyslowska.com.pl\/?page_id=63"},"modified":"2023-03-14T20:12:41","modified_gmt":"2023-03-14T19:12:41","slug":"pracownicy","status":"publish","type":"page","link":"https:\/\/gops.wolamyslowska.com.pl\/?page_id=63","title":{"rendered":"Pracownicy"},"content":{"rendered":"\n<p><strong>Kierownik<\/strong>: Aneta Wdowiak<\/p>\n\n\n\n<p><strong>Pracownicy<\/strong>:<\/p>\n\n\n\n<p>Aleksandra Czajka &#8211; referent ds. \u015bwiadcze\u0144 opieku\u0144czych<\/p>\n\n\n\n<p>Ilona Ko\u0142nierzak &#8211; referent ds. \u015bwiadcze\u0144 rodzinnych<\/p>\n\n\n\n<p>Hanna Gali\u0144ska &#8211; Specjalista pracy socjalnej<\/p>\n\n\n\n<p>Urszula Misior &#8211; Specjalista pracy socjalnej<\/p>\n\n\n\n<p>Anna Kaczor &#8211; Pracownik socjalny<\/p>\n","protected":false},"excerpt":{"rendered":"<p>Kierownik: Aneta Wdowiak Pracownicy: Aleksandra Czajka &#8211; referent ds. \u015bwiadcze\u0144 opieku\u0144czych Ilona Ko\u0142nierzak &#8211; referent ds. \u015bwiadcze\u0144 rodzinnych Hanna Gali\u0144ska &#8211; Specjalista pracy socjalnej Urszula Misior &#8211; Specjalista pracy socjalnej Anna Kaczor &#8211; Pracownik socjalny<\/p>\n","protected":false},"author":1,"featured_media":0,"parent":0,"menu_order":0,"comment_status":"closed","ping_status":"closed","template":"","meta":{"footnotes":""},"class_list":["post-63","page","type-page","status-publish","hentry","entry"],"_links":{"self":[{"href":"https:\/\/gops.wolamyslowska.com.pl\/index.php?rest_route=\/wp\/v2\/pages\/63","targetHints":{"allow":["GET"]}}],"collection":[{"href":"https:\/\/gops.wolamyslowska.com.pl\/index.php?rest_route=\/wp\/v2\/pages"}],"about":[{"href":"https:\/\/gops.wolamyslowska.com.pl\/index.php?rest_route=\/wp\/v2\/types\/page"}],"author":[{"embeddable":true,"href":"https:\/\/gops.wolamyslowska.com.pl\/index.php?rest_route=\/wp\/v2\/users\/1"}],"replies":[{"embeddable":true,"href":"https:\/\/gops.wolamyslowska.com.pl\/index.php?rest_route=%2Fwp%2Fv2%2Fcomments&post=63"}],"version-history":[{"count":1,"href":"https:\/\/gops.wolamyslowska.com.pl\/index.php?rest_route=\/wp\/v2\/pages\/63\/revisions"}],"predecessor-version":[{"id":64,"href":"https:\/\/gops.wolamyslowska.com.pl\/index.php?rest_route=\/wp\/v2\/pages\/63\/revisions\/64"}],"wp:attachment":[{"href":"https:\/\/gops.wolamyslowska.com.pl\/index.php?rest_route=%2Fwp%2Fv2%2Fmedia&parent=63"}],"curies":[{"name":"wp","href":"https:\/\/api.w.org\/{rel}","templated":true}]}}