{"id":7,"date":"2023-03-07T17:12:48","date_gmt":"2023-03-07T16:12:48","guid":{"rendered":"http:\/\/gops.wolamyslowska.com.pl\/?page_id=7"},"modified":"2024-01-23T10:56:44","modified_gmt":"2024-01-23T09:56:44","slug":"o-nas","status":"publish","type":"page","link":"https:\/\/gops.wolamyslowska.com.pl\/?page_id=7","title":{"rendered":"O nas"},"content":{"rendered":"\n<p>GOPS jest jednostk\u0105 organizacyjn\u0105 pomocy spo\u0142ecznej, podleg\u0142\u0105 Radzie Gminy Wola Mys\u0142owska, powo\u0142an\u0105 do realizacji zada\u0144 w\u0142asnych gminy &nbsp;oraz zada\u0144 zleconych gminie przez administracj\u0119 rz\u0105dow\u0105 &nbsp;z zakresu pomocy spo\u0142ecznej.<\/p>\n\n\n\n<p>Celem dzia\u0142alno\u015bci O\u015brodka jest umo\u017cliwienie osobom i rodzinom przezwyci\u0119\u017canie trudnych sytuacji \u017cyciowych, kt\u00f3rych nie s\u0105 one w stanie samodzielnie pokona\u0107, wykorzystuj\u0105c w\u0142asne uprawnienia, zasoby i mo\u017cliwo\u015bci.\u00a0<\/p>\n\n\n\n<p><\/p>\n\n\n\n<div class=\"wp-block-media-text alignwide has-media-on-the-right is-stacked-on-mobile\" style=\"grid-template-columns:auto 44%\"><div class=\"wp-block-media-text__content\">\n<p>Aby osi\u0105gn\u0105\u0107 powy\u017cszy cel podejmowane s\u0105 dzia\u0142ania o charakterze profilaktycznym, kompensacyjnym, \u00a0motywacyjnym i wspieraj\u0105cym zmierzaj\u0105ce do \u017cyciowego usamodzielnienia \u00a0os\u00f3b i rodzin oraz ich integracji ze \u015brodowiskiem, w szczeg\u00f3lno\u015bci poprzez:<br><\/p>\n\n\n\n<ol class=\"wp-block-list\">\n<li>zapobieganie powstawaniu trudnych sytuacji \u017cyciowych, kt\u00f3rych osoby i rodziny nie s\u0105 w stanie pokona\u0107, wykorzystuj\u0105c w\u0142asne uprawnienia, zasoby i mo\u017cliwo\u015bci,<\/li>\n\n\n\n<li>umo\u017cliwienie osobom i rodzinom \u017cycia w warunkach odpowiadaj\u0105cych godno\u015bci cz\u0142owieka,<\/li>\n\n\n\n<li>wspomaganie os\u00f3b i rodzin w wysi\u0142kach podejmowanych w celu zaspokojenia ich niezb\u0119dnych potrzeb.<\/li>\n<\/ol>\n<\/div><figure class=\"wp-block-media-text__media\"><img loading=\"lazy\" decoding=\"async\" width=\"720\" height=\"478\" src=\"https:\/\/gops.wolamyslowska.com.pl\/wp-content\/uploads\/2024\/01\/edited-1.jpg\" alt=\"\" class=\"wp-image-164 size-full\" srcset=\"https:\/\/gops.wolamyslowska.com.pl\/wp-content\/uploads\/2024\/01\/edited-1.jpg 720w, https:\/\/gops.wolamyslowska.com.pl\/wp-content\/uploads\/2024\/01\/edited-1-300x199.jpg 300w\" sizes=\"auto, (max-width: 720px) 100vw, 720px\" \/><\/figure><\/div>\n\n\n\n<p>Na naszej stronie znajd\u0105 Pa\u0144stwo informacje o podejmowanych przez Nas dzia\u0142aniach, aktualnych wydarzeniach z obszaru polityki spo\u0142ecznej, formach pomocy i warunkach ich przyznawania. Ponadto nasza strona u\u0142atwi Pa\u0144stwu dotarcie do naszej siedziby oraz innych s\u0142u\u017cb, organizacji i instytucji dzia\u0142aj\u0105cych na rzecz mieszka\u0144c\u00f3w Gminy Wola Mys\u0142owska.<\/p>\n\n\n\n<p><\/p>\n\n\n\n<p><\/p>\n","protected":false},"excerpt":{"rendered":"<p>GOPS jest jednostk\u0105 organizacyjn\u0105 pomocy spo\u0142ecznej, podleg\u0142\u0105 Radzie Gminy Wola Mys\u0142owska, powo\u0142an\u0105 do realizacji zada\u0144 w\u0142asnych gminy &nbsp;oraz zada\u0144 zleconych gminie przez administracj\u0119 rz\u0105dow\u0105 &nbsp;z zakresu pomocy spo\u0142ecznej. Celem dzia\u0142alno\u015bci O\u015brodka jest umo\u017cliwienie osobom i rodzinom przezwyci\u0119\u017canie trudnych sytuacji \u017cyciowych, kt\u00f3rych nie s\u0105 one w stanie samodzielnie pokona\u0107, wykorzystuj\u0105c w\u0142asne uprawnienia, zasoby i mo\u017cliwo\u015bci.\u00a0 Na [&hellip;]<\/p>\n","protected":false},"author":1,"featured_media":0,"parent":0,"menu_order":0,"comment_status":"closed","ping_status":"closed","template":"","meta":{"footnotes":""},"class_list":["post-7","page","type-page","status-publish","hentry","entry"],"_links":{"self":[{"href":"https:\/\/gops.wolamyslowska.com.pl\/index.php?rest_route=\/wp\/v2\/pages\/7","targetHints":{"allow":["GET"]}}],"collection":[{"href":"https:\/\/gops.wolamyslowska.com.pl\/index.php?rest_route=\/wp\/v2\/pages"}],"about":[{"href":"https:\/\/gops.wolamyslowska.com.pl\/index.php?rest_route=\/wp\/v2\/types\/page"}],"author":[{"embeddable":true,"href":"https:\/\/gops.wolamyslowska.com.pl\/index.php?rest_route=\/wp\/v2\/users\/1"}],"replies":[{"embeddable":true,"href":"https:\/\/gops.wolamyslowska.com.pl\/index.php?rest_route=%2Fwp%2Fv2%2Fcomments&post=7"}],"version-history":[{"count":8,"href":"https:\/\/gops.wolamyslowska.com.pl\/index.php?rest_route=\/wp\/v2\/pages\/7\/revisions"}],"predecessor-version":[{"id":166,"href":"https:\/\/gops.wolamyslowska.com.pl\/index.php?rest_route=\/wp\/v2\/pages\/7\/revisions\/166"}],"wp:attachment":[{"href":"https:\/\/gops.wolamyslowska.com.pl\/index.php?rest_route=%2Fwp%2Fv2%2Fmedia&parent=7"}],"curies":[{"name":"wp","href":"https:\/\/api.w.org\/{rel}","templated":true}]}}