{"id":88,"date":"2024-01-22T15:08:01","date_gmt":"2024-01-22T14:08:01","guid":{"rendered":"https:\/\/gops.wolamyslowska.com.pl\/?page_id=88"},"modified":"2024-01-22T15:28:23","modified_gmt":"2024-01-22T14:28:23","slug":"zasilki-staly-okresowy-celowy-pielegnacyjny","status":"publish","type":"page","link":"https:\/\/gops.wolamyslowska.com.pl\/?page_id=88","title":{"rendered":"Zasi\u0142ki (sta\u0142y, okresowy, celowy)"},"content":{"rendered":"\n<p><\/p>\n\n\n\n<p><\/p>\n\n\n\n<h1 class=\"wp-block-heading\">Zasi\u0142ek celowy<\/h1>\n\n\n\n<p><strong>Zasi\u0142ek celowy (art. 39 ustawy o pomocy spo\u0142ecznej)<\/strong><\/p>\n\n\n\n<p>Zasi\u0142ek celowy mo\u017ce by\u0107 przyznany w celu zaspokojenia niezb\u0119dnej potrzeby bytowej. \u015awiadczenie to mo\u017cna przyzna\u0107 w szczeg\u00f3lno\u015bci na pokrycie cz\u0119\u015bci lub ca\u0142o\u015bci koszt\u00f3w zakupu \u017cywno\u015bci, lek\u00f3w i leczenia, opa\u0142u, odzie\u017cy, niezb\u0119dnych przedmiot\u00f3w u\u017cytku domowego, drobnych remont\u00f3w i napraw w mieszkaniu, a tak\u017ce koszt\u00f3w pogrzebu. Osobom bezdomnym i innym osobom niemaj\u0105cym mo\u017cliwo\u015bci uzyskania \u015bwiadcze\u0144 na podstawie przepis\u00f3w o powszechnym ubezpieczeniu w Narodowym Funduszu Zdrowia mo\u017ce by\u0107 przyznany zasi\u0142ek celowy na pokrycie cz\u0119\u015bci lub ca\u0142o\u015bci wydatk\u00f3w na \u015bwiadczenia zdrowotne.<\/p>\n\n\n\n<p>Zgodnie z art. 40 ustawy zasi\u0142ek celowy mo\u017ce by\u0107 przyznany niezale\u017cnie od dochodu i mo\u017ce nie podlega\u0107 zwrotowi w przypadku, gdy:<\/p>\n\n\n\n<ul class=\"wp-block-list\">\n<li>osoba lub rodzina ponios\u0142a straty w wyniku zdarzenia losowego,<\/li>\n\n\n\n<li>osoba lub rodzina ponios\u0142a straty w wyniku kl\u0119ski \u017cywio\u0142owej lub ekologicznej.<\/li>\n<\/ul>\n\n\n\n<p>Natomiast na podstawie art. 41 ustawy, w szczeg\u00f3lnie uzasadnionych przypadkach osobie lub rodzinie o dochodach przekraczaj\u0105cych kryterium dochodowe mo\u017ce by\u0107 przyznany:<\/p>\n\n\n\n<ul class=\"wp-block-list\">\n<li>specjalny zasi\u0142ek celowy w wysoko\u015bci nieprzekraczaj\u0105cej odpowiednio kryterium dochodowego osoby samotnie gospodaruj\u0105cej lub rodziny, kt\u00f3ry nie podlega zwrotowi<\/li>\n\n\n\n<li>zasi\u0142ek okresowy, zasi\u0142ek celowy lub pomoc rzeczowa, pod warunkiem zwrotu cz\u0119\u015bci lub ca\u0142o\u015bci kwoty zasi\u0142ku lub wydatk\u00f3w na pomoc rzeczow\u0105.<\/li>\n<\/ul>\n\n\n\n<p>Zasi\u0142ek celowy mo\u017ce by\u0107 przyznany r\u00f3wnie\u017c w celu realizacji postanowie\u0144 kontraktu socjalnego (w tym przypadku zasi\u0142ek celowy mo\u017ce by\u0107 wyp\u0142acany niezale\u017cnie od dochodu, przez okres do 2 miesi\u0119cy od dnia, w kt\u00f3rym osoba obj\u0119ta kontraktem socjalnym, w trakcie jego realizacji, sta\u0142a si\u0119 osob\u0105 zatrudnion\u0105).<\/p>\n\n\n\n<p>        <br><br><br><br><\/p>\n\n\n\n<p>        <\/p>\n\n\n\n<h1 class=\"wp-block-heading\" id=\"zasilek-staly\">Zasi\u0142ek sta\u0142y<\/h1>\n\n\n\n<p><strong>Zasi\u0142ek sta\u0142y (art. 37 ustawy o pomocy spo\u0142ecznej) przys\u0142uguje:<\/strong><\/p>\n\n\n\n<ul class=\"wp-block-list\">\n<li>pe\u0142noletniej osobie samotnie gospodaruj\u0105cej, ca\u0142kowicie niezdolnej do pracy z powodu wieku lub niepe\u0142nosprawno\u015bci, je\u017celi jej doch\u00f3d jest ni\u017cszy od kryterium dochodowego osoby samotnie gospodaruj\u0105cej,<\/li>\n\n\n\n<li>pe\u0142noletniej osobie pozostaj\u0105cej w rodzinie, ca\u0142kowicie niezdolnej do pracy z powodu wieku lub niepe\u0142nosprawno\u015bci, je\u017celi jej doch\u00f3d, jak r\u00f3wnie\u017c doch\u00f3d na osob\u0119 w rodzinie s\u0105 ni\u017csze od kryterium dochodowego na osob\u0119 w rodzinie.<\/li>\n<\/ul>\n\n\n\n<p>Ca\u0142kowita niezdolno\u015b\u0107 do pracy oznacza ca\u0142kowit\u0105 niezdolno\u015b\u0107 do pracy w rozumieniu przepis\u00f3w o emeryturach i rentach z Funduszu Ubezpiecze\u0144 Spo\u0142ecznych albo zaliczenie do I lub II grupy inwalidzkiej lub legitymowanie si\u0119 znacznym lub umiarkowanym stopniem niepe\u0142nosprawno\u015bci w rozumieniu przepis\u00f3w o rehabilitacji zawodowej i spo\u0142ecznej oraz zatrudnianiu os\u00f3b niepe\u0142nosprawnych. Niezdolno\u015b\u0107 do pracy z tytu\u0142u wieku oznacza uko\u0144czone przez kobiet\u0119 60 lat i 65 lat uko\u0144czone przez m\u0119\u017cczyzn\u0119.<\/p>\n\n\n\n<p><strong>W zwi\u0105zku z nowelizacj\u0105 ustawy o pomocy spo\u0142ecznej,\u00a0od 1 stycznia 2024r., zasi\u0142ek sta\u0142y ustala si\u0119 w wysoko\u015bci:<\/strong><\/p>\n\n\n\n<ul class=\"wp-block-list\">\n<li>w przypadku osoby samotnie gospodaruj\u0105cej &#8211; r\u00f3\u017cnicy mi\u0119dzy kwot\u0105 stanowi\u0105c\u0105 130% kryterium dochodowego osoby samotnie gospodaruj\u0105cej a dochodem tej osoby, z tym \u017ce kwota zasi\u0142ku nie mo\u017ce by\u0107 wy\u017csza ni\u017c 1000 z\u0142 miesi\u0119cznie;<\/li>\n\n\n\n<li>&nbsp;w przypadku osoby w rodzinie &#8211; r\u00f3\u017cnicy mi\u0119dzy kwot\u0105 stanowi\u0105c\u0105 130% kryterium dochodowego na osob\u0119 w rodzinie a dochodem na osob\u0119 w rodzinie.<br>Kwota zasi\u0142ku sta\u0142ego nie mo\u017ce by\u0107 ni\u017csza ni\u017c 100 z\u0142 miesi\u0119cznie.<\/li>\n<\/ul>\n\n\n\n<p>   <br><br><br> <\/p>\n\n\n\n<p>               <\/p>\n\n\n\n<h1 class=\"wp-block-heading\" id=\"zasilek-okresowy\">Zasi\u0142ek okresowy<\/h1>\n\n\n\n<p><strong>Zasi\u0142ek okresowy (art. 38 ustawy o pomocy spo\u0142ecznej) przys\u0142uguje:&nbsp;<\/strong><\/p>\n\n\n\n<ul class=\"wp-block-list\">\n<li>osobie samotnie gospodaruj\u0105cej, kt\u00f3rej doch\u00f3d jest ni\u017cszy od kryterium dochodowego osoby samotnie gospodaruj\u0105cej,<\/li>\n\n\n\n<li>rodzinie, kt\u00f3rej doch\u00f3d jest ni\u017cszy od kryterium dochodowego rodziny.<\/li>\n<\/ul>\n\n\n\n<p>\u015awiadczenie to przyznaje si\u0119 w szczeg\u00f3lno\u015bci ze wzgl\u0119du na: d\u0142ugotrwa\u0142\u0105 chorob\u0119, niepe\u0142nosprawno\u015b\u0107, bezrobocie, mo\u017cliwo\u015b\u0107 utrzymania lub nabycia uprawnie\u0144 do \u015bwiadcze\u0144 z innych system\u00f3w zabezpieczenia spo\u0142ecznego. Poprzez poj\u0119cie doch\u00f3d rodziny nale\u017cy rozumie\u0107 sum\u0119 miesi\u0119cznych dochod\u00f3w os\u00f3b w rodzinie ustalonych zgodnie z art. 8 ust. 3 \u2013 13 ustawy.<\/p>\n\n\n\n<p><strong>Zasi\u0142ek okresowy ustala si\u0119:<\/strong><\/p>\n\n\n\n<ul class=\"wp-block-list\">\n<li>w przypadku osoby samotnie gospodaruj\u0105cej \u2013 do wysoko\u015bci r\u00f3\u017cnicy miedzy kryterium dochodowym osoby samotnie gospodaruj\u0105cej a dochodem tej osoby, z tym \u017ce kwota zasi\u0142ku nie mo\u017ce by\u0107 wy\u017csza ni\u017c 634 z\u0142 miesi\u0119cznie;<\/li>\n\n\n\n<li>w przypadku rodziny \u2013 do wysoko\u015bci r\u00f3\u017cnicy mi\u0119dzy kryterium dochodowym rodziny a &nbsp;dochodem tej rodziny.<\/li>\n<\/ul>\n\n\n\n<p>Jednocze\u015bnie &nbsp;kwota zasi\u0142ku okresowego nie mo\u017ce by\u0107 ni\u017csza ni\u017c 50% r\u00f3\u017cnicy mi\u0119dzy: &nbsp;kryterium dochodowym osoby samotnie gospodaruj\u0105cej a dochodem tej osoby; oraz &nbsp;pomi\u0119dzy kryterium dochodowym rodziny &nbsp;a &nbsp;dochodem &nbsp;tej rodziny.<\/p>\n\n\n\n<p>Okres, na jaki jest przyznawany zasi\u0142ek okresowy, ustala o\u015brodek pomocy spo\u0142ecznej na podstawie okoliczno\u015bci sprawy.<\/p>\n\n\n\n<p>W przypadku podj\u0119cia zatrudnienia przez osob\u0119 obj\u0119t\u0105 kontraktem socjalnym pobieraj\u0105c\u0105 zasi\u0142ek okresowy, mo\u017ce by\u0107 on wyp\u0142acany nadal niezale\u017cnie od dochodu, do dnia wynikaj\u0105cego z decyzji przyznaj\u0105cej zasi\u0142ek okresowy, nie d\u0142u\u017cej jednak ni\u017c do 2 miesi\u0119cy od dnia, w kt\u00f3rym osoba zosta\u0142a zatrudniona (w tej sytuacji zasi\u0142ek okresowy jest wyp\u0142acany niezale\u017cnie od dochodu, nie cz\u0119\u015bciej ni\u017c raz na 2 lata.)<\/p>\n\n\n\n<p>     <\/p>\n\n\n\n<p>     <\/p>\n","protected":false},"excerpt":{"rendered":"<p>Zasi\u0142ek celowy Zasi\u0142ek celowy (art. 39 ustawy o pomocy spo\u0142ecznej) Zasi\u0142ek celowy mo\u017ce by\u0107 przyznany w celu zaspokojenia niezb\u0119dnej potrzeby bytowej. \u015awiadczenie to mo\u017cna przyzna\u0107 w szczeg\u00f3lno\u015bci na pokrycie cz\u0119\u015bci lub ca\u0142o\u015bci koszt\u00f3w zakupu \u017cywno\u015bci, lek\u00f3w i leczenia, opa\u0142u, odzie\u017cy, niezb\u0119dnych przedmiot\u00f3w u\u017cytku domowego, drobnych remont\u00f3w i napraw w mieszkaniu, a tak\u017ce koszt\u00f3w pogrzebu. Osobom [&hellip;]<\/p>\n","protected":false},"author":3,"featured_media":0,"parent":9,"menu_order":1,"comment_status":"closed","ping_status":"closed","template":"","meta":{"footnotes":""},"class_list":["post-88","page","type-page","status-publish","hentry","entry"],"_links":{"self":[{"href":"https:\/\/gops.wolamyslowska.com.pl\/index.php?rest_route=\/wp\/v2\/pages\/88","targetHints":{"allow":["GET"]}}],"collection":[{"href":"https:\/\/gops.wolamyslowska.com.pl\/index.php?rest_route=\/wp\/v2\/pages"}],"about":[{"href":"https:\/\/gops.wolamyslowska.com.pl\/index.php?rest_route=\/wp\/v2\/types\/page"}],"author":[{"embeddable":true,"href":"https:\/\/gops.wolamyslowska.com.pl\/index.php?rest_route=\/wp\/v2\/users\/3"}],"replies":[{"embeddable":true,"href":"https:\/\/gops.wolamyslowska.com.pl\/index.php?rest_route=%2Fwp%2Fv2%2Fcomments&post=88"}],"version-history":[{"count":5,"href":"https:\/\/gops.wolamyslowska.com.pl\/index.php?rest_route=\/wp\/v2\/pages\/88\/revisions"}],"predecessor-version":[{"id":95,"href":"https:\/\/gops.wolamyslowska.com.pl\/index.php?rest_route=\/wp\/v2\/pages\/88\/revisions\/95"}],"up":[{"embeddable":true,"href":"https:\/\/gops.wolamyslowska.com.pl\/index.php?rest_route=\/wp\/v2\/pages\/9"}],"wp:attachment":[{"href":"https:\/\/gops.wolamyslowska.com.pl\/index.php?rest_route=%2Fwp%2Fv2%2Fmedia&parent=88"}],"curies":[{"name":"wp","href":"https:\/\/api.w.org\/{rel}","templated":true}]}}